{"id":6904,"date":"2019-09-02T08:07:31","date_gmt":"2019-09-02T04:37:31","guid":{"rendered":"https:\/\/baran-oncology.com\/?page_id=6904"},"modified":"2025-12-03T21:09:14","modified_gmt":"2025-12-03T17:39:14","slug":"bizim-haqqimizda","status":"publish","type":"page","link":"https:\/\/baran-oncology.com\/az\/bizim-haqqimizda\/","title":{"rendered":"Bizim haqq\u0131m\u0131zda"},"content":{"rendered":"\t\t<div data-elementor-type=\"wp-post\" data-elementor-id=\"6904\" class=\"elementor elementor-6904\">\n\t\t\t\t\t\t<section class=\"elementor-section elementor-top-section elementor-element elementor-element-d5b672e elementor-section-content-top ov-h elementor-section-boxed elementor-section-height-default elementor-section-height-default\" data-id=\"d5b672e\" data-element_type=\"section\" data-settings=\"{&quot;ekit_section_parallax_multi&quot;:&quot;yes&quot;,&quot;ekit_section_parallax_multi_items&quot;:[{&quot;parallax_style&quot;:&quot;onscroll&quot;,&quot;image&quot;:{&quot;url&quot;:&quot;https:\\\/\\\/wp.xpeedstudio.com\\\/medizco\\\/covid-two\\\/wp-content\\\/uploads\\\/sites\\\/8\\\/2019\\\/09\\\/about-info-bg-left.png&quot;,&quot;id&quot;:1722,&quot;size&quot;:&quot;&quot;},&quot;pos_x&quot;:{&quot;unit&quot;:&quot;%&quot;,&quot;size&quot;:0,&quot;sizes&quot;:[]},&quot;pos_y&quot;:{&quot;unit&quot;:&quot;%&quot;,&quot;size&quot;:0,&quot;sizes&quot;:[]},&quot;animation_iteration_count&quot;:null,&quot;zindex&quot;:0,&quot;_id&quot;:&quot;3eee3c3&quot;,&quot;parallax_blur_effect&quot;:{&quot;unit&quot;:&quot;px&quot;,&quot;size&quot;:0,&quot;sizes&quot;:[]},&quot;parallax_blur_effect_tablet&quot;:{&quot;unit&quot;:&quot;px&quot;,&quot;size&quot;:&quot;&quot;,&quot;sizes&quot;:[]},&quot;parallax_blur_effect_mobile&quot;:{&quot;unit&quot;:&quot;px&quot;,&quot;size&quot;:&quot;&quot;,&quot;sizes&quot;:[]},&quot;shape&quot;:null,&quot;width_type&quot;:&quot;&quot;,&quot;width_type_tablet&quot;:&quot;&quot;,&quot;width_type_mobile&quot;:&quot;&quot;,&quot;animation&quot;:null,&quot;animation_tablet&quot;:null,&quot;animation_mobile&quot;:null,&quot;item_opacity&quot;:&quot;1&quot;,&quot;animation_speed&quot;:null,&quot;parallax_speed&quot;:null,&quot;parallax_transform&quot;:&quot;translateY&quot;,&quot;parallax_transform_value&quot;:&quot;250&quot;,&quot;smoothness&quot;:&quot;700&quot;,&quot;offsettop&quot;:&quot;0&quot;,&quot;offsetbottom&quot;:&quot;0&quot;,&quot;maxtilt&quot;:null,&quot;scale&quot;:null,&quot;disableaxis&quot;:null,&quot;item_source&quot;:&quot;image&quot;,&quot;shape_color&quot;:null,&quot;custom_width&quot;:null,&quot;custom_width_tablet&quot;:null,&quot;custom_width_mobile&quot;:null,&quot;source_rotate&quot;:{&quot;unit&quot;:&quot;deg&quot;,&quot;size&quot;:0,&quot;sizes&quot;:[]},&quot;source_rotate_tablet&quot;:{&quot;unit&quot;:&quot;px&quot;,&quot;size&quot;:&quot;&quot;,&quot;sizes&quot;:[]},&quot;source_rotate_mobile&quot;:{&quot;unit&quot;:&quot;px&quot;,&quot;size&quot;:&quot;&quot;,&quot;sizes&quot;:[]},&quot;pos_x_tablet&quot;:{&quot;unit&quot;:&quot;px&quot;,&quot;size&quot;:&quot;&quot;,&quot;sizes&quot;:[]},&quot;pos_x_mobile&quot;:{&quot;unit&quot;:&quot;px&quot;,&quot;size&quot;:&quot;&quot;,&quot;sizes&quot;:[]},&quot;pos_y_tablet&quot;:{&quot;unit&quot;:&quot;px&quot;,&quot;size&quot;:&quot;&quot;,&quot;sizes&quot;:[]},&quot;pos_y_mobile&quot;:{&quot;unit&quot;:&quot;px&quot;,&quot;size&quot;:&quot;&quot;,&quot;sizes&quot;:[]},&quot;animation_direction&quot;:null},{&quot;parallax_style&quot;:&quot;onscroll&quot;,&quot;image&quot;:{&quot;url&quot;:&quot;https:\\\/\\\/wp.xpeedstudio.com\\\/medizco\\\/covid-two\\\/wp-content\\\/uploads\\\/sites\\\/8\\\/2019\\\/09\\\/about-info-bg-right.png&quot;,&quot;id&quot;:1721,&quot;size&quot;:&quot;&quot;},&quot;pos_x&quot;:{&quot;unit&quot;:&quot;%&quot;,&quot;size&quot;:90,&quot;sizes&quot;:[]},&quot;pos_y&quot;:{&quot;unit&quot;:&quot;px&quot;,&quot;size&quot;:-120,&quot;sizes&quot;:[]},&quot;animation_iteration_count&quot;:null,&quot;zindex&quot;:0,&quot;_id&quot;:&quot;44a7be1&quot;,&quot;parallax_blur_effect&quot;:{&quot;unit&quot;:&quot;px&quot;,&quot;size&quot;:0,&quot;sizes&quot;:[]},&quot;parallax_blur_effect_tablet&quot;:{&quot;unit&quot;:&quot;px&quot;,&quot;size&quot;:&quot;&quot;,&quot;sizes&quot;:[]},&quot;parallax_blur_effect_mobile&quot;:{&quot;unit&quot;:&quot;px&quot;,&quot;size&quot;:&quot;&quot;,&quot;sizes&quot;:[]},&quot;shape&quot;:null,&quot;width_type&quot;:&quot;&quot;,&quot;width_type_tablet&quot;:&quot;&quot;,&quot;width_type_mobile&quot;:&quot;&quot;,&quot;animation&quot;:null,&quot;animation_tablet&quot;:null,&quot;animation_mobile&quot;:null,&quot;item_opacity&quot;:&quot;1&quot;,&quot;animation_speed&quot;:null,&quot;parallax_speed&quot;:null,&quot;parallax_transform&quot;:&quot;translateY&quot;,&quot;parallax_transform_value&quot;:&quot;250&quot;,&quot;smoothness&quot;:&quot;700&quot;,&quot;offsettop&quot;:&quot;0&quot;,&quot;offsetbottom&quot;:&quot;0&quot;,&quot;maxtilt&quot;:null,&quot;scale&quot;:null,&quot;disableaxis&quot;:null,&quot;item_source&quot;:&quot;image&quot;,&quot;shape_color&quot;:null,&quot;custom_width&quot;:null,&quot;custom_width_tablet&quot;:null,&quot;custom_width_mobile&quot;:null,&quot;source_rotate&quot;:{&quot;unit&quot;:&quot;deg&quot;,&quot;size&quot;:0,&quot;sizes&quot;:[]},&quot;source_rotate_tablet&quot;:{&quot;unit&quot;:&quot;px&quot;,&quot;size&quot;:&quot;&quot;,&quot;sizes&quot;:[]},&quot;source_rotate_mobile&quot;:{&quot;unit&quot;:&quot;px&quot;,&quot;size&quot;:&quot;&quot;,&quot;sizes&quot;:[]},&quot;pos_x_tablet&quot;:{&quot;unit&quot;:&quot;px&quot;,&quot;size&quot;:&quot;&quot;,&quot;sizes&quot;:[]},&quot;pos_x_mobile&quot;:{&quot;unit&quot;:&quot;px&quot;,&quot;size&quot;:&quot;&quot;,&quot;sizes&quot;:[]},&quot;pos_y_tablet&quot;:{&quot;unit&quot;:&quot;px&quot;,&quot;size&quot;:&quot;&quot;,&quot;sizes&quot;:[]},&quot;pos_y_mobile&quot;:{&quot;unit&quot;:&quot;px&quot;,&quot;size&quot;:&quot;&quot;,&quot;sizes&quot;:[]},&quot;animation_direction&quot;:null}]}\">\n\t\t\t\t\t\t<div class=\"elementor-container elementor-column-gap-default\">\n\t\t\t\t\t<div class=\"elementor-column elementor-col-50 elementor-top-column elementor-element elementor-element-ac65cc9 elementor-invisible\" data-id=\"ac65cc9\" data-element_type=\"column\" data-settings=\"{&quot;animation&quot;:&quot;fadeInUp&quot;,&quot;animation_delay&quot;:300}\">\n\t\t\t<div class=\"elementor-widget-wrap elementor-element-populated\">\n\t\t\t\t\t\t<div class=\"elementor-element elementor-element-b046c75 elementor-widget elementor-widget-image\" data-id=\"b046c75\" data-element_type=\"widget\" data-widget_type=\"image.default\">\n\t\t\t\t\t\t\t\t\t\t\t\t\t\t\t<img fetchpriority=\"high\" decoding=\"async\" width=\"265\" height=\"300\" src=\"https:\/\/baran-oncology.com\/wp-content\/uploads\/2025\/12\/ali-adili-265x300.jpg\" class=\"attachment-medium size-medium wp-image-6755\" alt=\"\u062f\u06a9\u062a\u0631 \u0639\u0644\u06cc \u0639\u062f\u06cc\u0644\u06cc\" srcset=\"https:\/\/baran-oncology.com\/wp-content\/uploads\/2025\/12\/ali-adili-265x300.jpg 265w, https:\/\/baran-oncology.com\/wp-content\/uploads\/2025\/12\/ali-adili.jpg 605w\" sizes=\"(max-width: 265px) 100vw, 265px\" \/>\t\t\t\t\t\t\t\t\t\t\t\t\t\t\t<\/div>\n\t\t\t\t\t<\/div>\n\t\t<\/div>\n\t\t\t\t<div class=\"elementor-column elementor-col-50 elementor-top-column elementor-element elementor-element-9505dcf elementor-invisible\" data-id=\"9505dcf\" data-element_type=\"column\" data-settings=\"{&quot;animation&quot;:&quot;fadeInUp&quot;,&quot;animation_delay&quot;:300}\">\n\t\t\t<div class=\"elementor-widget-wrap elementor-element-populated\">\n\t\t\t\t\t\t<div class=\"elementor-element elementor-element-dac1c26 elementor-widget elementor-widget-text-editor\" data-id=\"dac1c26\" data-element_type=\"widget\" data-widget_type=\"text-editor.default\">\n\t\t\t\t\t\t\t\t\t<p style=\"text-align: left;\"><strong>\u015e\u0259hid Behe\u015fti Tibb Elml\u0259ri Universitetini bitirib<\/strong><\/p><p style=\"text-align: left;\"><strong>AB\u015e-\u0131n Stanford Universitetind\u0259n Radioc\u0259rrahiyy\u0259 \u00fczr\u0259 t\u00f6vsiy\u0259 olunan kurs<\/strong><\/p><p style=\"text-align: left;\"><strong>Amerika Radioterapiya v\u0259 Onkologiya C\u0259miyy\u0259tinin \u00fczv\u00fc<\/strong><\/p><p style=\"text-align: left;\"><strong>Avropa Neyro-Onkologiya C\u0259miyy\u0259tinin \u00fczv\u00fc<\/strong><\/p><p style=\"text-align: left;\"><strong>D\u00f6\u015f, M\u0259d\u0259-ba\u011f\u0131rsaq, Ginekoloji X\u0259r\u00e7\u0259ngl\u0259r<\/strong><\/p><p style=\"text-align: left;\"><strong>\u0130\u015fl\u0259diyi x\u0259st\u0259xana: Nur Nejat<\/strong><\/p>\t\t\t\t\t\t\t\t<\/div>\n\t\t\t\t<div class=\"elementor-element elementor-element-2f86cc0 elementor-widget elementor-widget-spacer\" data-id=\"2f86cc0\" data-element_type=\"widget\" data-widget_type=\"spacer.default\">\n\t\t\t\t\t\t\t<div class=\"elementor-spacer\">\n\t\t\t<div class=\"elementor-spacer-inner\"><\/div>\n\t\t<\/div>\n\t\t\t\t\t\t<\/div>\n\t\t\t\t<div class=\"elementor-element elementor-element-36deeaa elementor-align-center elementor-widget elementor-widget-elementskit-button\" data-id=\"36deeaa\" data-element_type=\"widget\" data-widget_type=\"elementskit-button.default\">\n\t\t\t\t\t<div class=\"ekit-wid-con\" >\t\t<div class=\"ekit-btn-wraper\">\n\t\t\t\t\t\t\t<a href=\"#\" class=\"elementskit-btn  whitespace--normal\" id=\"\">\n\t\t\t\t\tBiziml\u0259 \u0259laq\u0259 saxlay\u0131n<svg class=\"e-font-icon-svg e-fas-angle-right\" viewBox=\"0 0 256 512\" xmlns=\"http:\/\/www.w3.org\/2000\/svg\"><path d=\"M224.3 273l-136 136c-9.4 9.4-24.6 9.4-33.9 0l-22.6-22.6c-9.4-9.4-9.4-24.6 0-33.9l96.4-96.4-96.4-96.4c-9.4-9.4-9.4-24.6 0-33.9L54.3 103c9.4-9.4 24.6-9.4 33.9 0l136 136c9.5 9.4 9.5 24.6.1 34z\"><\/path><\/svg>\t\t\t\t<\/a>\n\t\t\t\t\t<\/div>\n        <\/div>\t\t\t\t<\/div>\n\t\t\t\t\t<\/div>\n\t\t<\/div>\n\t\t\t\t\t<\/div>\n\t\t<\/section>\n\t\t<div class=\"elementor-element elementor-element-abdf119 e-flex e-con-boxed e-con e-parent\" data-id=\"abdf119\" data-element_type=\"container\">\n\t\t\t\t\t<div class=\"e-con-inner\">\n\t\t\t\t<div class=\"elementor-element elementor-element-470683e elementor-widget elementor-widget-spacer\" data-id=\"470683e\" data-element_type=\"widget\" data-widget_type=\"spacer.default\">\n\t\t\t\t\t\t\t<div class=\"elementor-spacer\">\n\t\t\t<div class=\"elementor-spacer-inner\"><\/div>\n\t\t<\/div>\n\t\t\t\t\t\t<\/div>\n\t\t\t\t\t<\/div>\n\t\t\t\t<\/div>\n\t\t\t\t<\/div>\n\t\t","protected":false},"excerpt":{"rendered":"<p>\u015e\u0259hid Behe\u015fti Tibb Elml\u0259ri Universitetini bitirib AB\u015e-\u0131n Stanford Universitetind\u0259n Radioc\u0259rrahiyy\u0259 \u00fczr\u0259 t\u00f6vsiy\u0259 olunan kurs Amerika Radioterapiya v\u0259 Onkologiya C\u0259miyy\u0259tinin \u00fczv\u00fc Avropa Neyro-Onkologiya C\u0259miyy\u0259tinin \u00fczv\u00fc D\u00f6\u015f, M\u0259d\u0259-ba\u011f\u0131rsaq, Ginekoloji X\u0259r\u00e7\u0259ngl\u0259r \u0130\u015fl\u0259diyi x\u0259st\u0259xana: Nur Nejat Biziml\u0259 \u0259laq\u0259 saxlay\u0131n<\/p>\n","protected":false},"author":1,"featured_media":0,"parent":0,"menu_order":0,"comment_status":"closed","ping_status":"closed","template":"template\/template-page.php","meta":{"footnotes":""},"class_list":["post-6904","page","type-page","status-publish","hentry"],"yoast_head":"<!-- This site is optimized with the Yoast SEO Premium plugin v26.2 (Yoast SEO v26.6) - https:\/\/yoast.com\/wordpress\/plugins\/seo\/ -->\n<title>Bizim haqq\u0131m\u0131zda - \u06a9\u0644\u06cc\u0646\u06cc\u06a9 \u0627\u0646\u06a9\u0648\u0644\u0648\u0698\u06cc \u0628\u0627\u0631\u0627\u0646 | \u0631\u0627\u062f\u06cc\u0648\u062a\u0631\u0627\u067e\u06cc \u0627\u0646\u06a9\u0648\u0644\u0648\u0698\u06cc<\/title>\n<meta name=\"robots\" content=\"index, follow, max-snippet:-1, max-image-preview:large, max-video-preview:-1\" \/>\n<link rel=\"canonical\" href=\"https:\/\/baran-oncology.com\/about\/\" \/>\n<meta property=\"og:locale\" content=\"fa_IR\" \/>\n<meta property=\"og:type\" content=\"article\" \/>\n<meta property=\"og:title\" content=\"Bizim haqq\u0131m\u0131zda\" \/>\n<meta property=\"og:description\" content=\"\u015e\u0259hid Behe\u015fti Tibb Elml\u0259ri Universitetini bitirib AB\u015e-\u0131n Stanford Universitetind\u0259n Radioc\u0259rrahiyy\u0259 \u00fczr\u0259 t\u00f6vsiy\u0259 olunan kurs Amerika Radioterapiya v\u0259 Onkologiya C\u0259miyy\u0259tinin \u00fczv\u00fc Avropa Neyro-Onkologiya C\u0259miyy\u0259tinin \u00fczv\u00fc D\u00f6\u015f, M\u0259d\u0259-ba\u011f\u0131rsaq, Ginekoloji X\u0259r\u00e7\u0259ngl\u0259r \u0130\u015fl\u0259diyi x\u0259st\u0259xana: Nur Nejat Biziml\u0259 \u0259laq\u0259 saxlay\u0131n\" \/>\n<meta property=\"og:url\" content=\"https:\/\/baran-oncology.com\/about\/\" \/>\n<meta property=\"og:site_name\" content=\"\u06a9\u0644\u06cc\u0646\u06cc\u06a9 \u0627\u0646\u06a9\u0648\u0644\u0648\u0698\u06cc \u0628\u0627\u0631\u0627\u0646 | \u0631\u0627\u062f\u06cc\u0648\u062a\u0631\u0627\u067e\u06cc \u0627\u0646\u06a9\u0648\u0644\u0648\u0698\u06cc\" \/>\n<meta property=\"article:modified_time\" content=\"2025-12-03T17:39:14+00:00\" \/>\n<meta property=\"og:image\" content=\"https:\/\/baran-oncology.com\/wp-content\/uploads\/2025\/12\/ali-adili.jpg\" \/>\n\t<meta property=\"og:image:width\" content=\"605\" \/>\n\t<meta property=\"og:image:height\" content=\"684\" \/>\n\t<meta property=\"og:image:type\" content=\"image\/jpeg\" \/>\n<meta name=\"twitter:card\" content=\"summary_large_image\" \/>\n<meta name=\"twitter:label1\" content=\"\u0632\u0645\u0627\u0646 \u062a\u0642\u0631\u06cc\u0628\u06cc \u0628\u0631\u0627\u06cc \u062e\u0648\u0627\u0646\u062f\u0646\" \/>\n\t<meta name=\"twitter:data1\" content=\"1 \u062f\u0642\u06cc\u0642\u0647\" \/>\n<script type=\"application\/ld+json\" class=\"yoast-schema-graph\">{\"@context\":\"https:\/\/schema.org\",\"@graph\":[{\"@type\":\"WebPage\",\"@id\":\"https:\/\/baran-oncology.com\/about\/\",\"url\":\"https:\/\/baran-oncology.com\/about\/\",\"name\":\"Bizim haqq\u0131m\u0131zda - \u06a9\u0644\u06cc\u0646\u06cc\u06a9 \u0627\u0646\u06a9\u0648\u0644\u0648\u0698\u06cc \u0628\u0627\u0631\u0627\u0646 | \u0631\u0627\u062f\u06cc\u0648\u062a\u0631\u0627\u067e\u06cc \u0627\u0646\u06a9\u0648\u0644\u0648\u0698\u06cc\",\"isPartOf\":{\"@id\":\"https:\/\/baran-oncology.com\/#website\"},\"primaryImageOfPage\":{\"@id\":\"https:\/\/baran-oncology.com\/about\/#primaryimage\"},\"image\":{\"@id\":\"https:\/\/baran-oncology.com\/about\/#primaryimage\"},\"thumbnailUrl\":\"https:\/\/baran-oncology.com\/wp-content\/uploads\/2025\/12\/ali-adili-265x300.jpg\",\"datePublished\":\"2019-09-02T04:37:31+00:00\",\"dateModified\":\"2025-12-03T17:39:14+00:00\",\"breadcrumb\":{\"@id\":\"https:\/\/baran-oncology.com\/about\/#breadcrumb\"},\"inLanguage\":\"fa-IR\",\"potentialAction\":[{\"@type\":\"ReadAction\",\"target\":[\"https:\/\/baran-oncology.com\/about\/\"]}]},{\"@type\":\"ImageObject\",\"inLanguage\":\"fa-IR\",\"@id\":\"https:\/\/baran-oncology.com\/about\/#primaryimage\",\"url\":\"https:\/\/baran-oncology.com\/wp-content\/uploads\/2025\/12\/ali-adili-265x300.jpg\",\"contentUrl\":\"https:\/\/baran-oncology.com\/wp-content\/uploads\/2025\/12\/ali-adili-265x300.jpg\"},{\"@type\":\"BreadcrumbList\",\"@id\":\"https:\/\/baran-oncology.com\/about\/#breadcrumb\",\"itemListElement\":[{\"@type\":\"ListItem\",\"position\":1,\"name\":\"Home\",\"item\":\"https:\/\/baran-oncology.com\/en\/\"},{\"@type\":\"ListItem\",\"position\":2,\"name\":\"Bizim haqq\u0131m\u0131zda\"}]},{\"@type\":\"WebSite\",\"@id\":\"https:\/\/baran-oncology.com\/#website\",\"url\":\"https:\/\/baran-oncology.com\/\",\"name\":\"\u06a9\u0644\u06cc\u0646\u06cc\u06a9 \u0627\u0646\u06a9\u0648\u0644\u0648\u0698\u06cc \u0628\u0627\u0631\u0627\u0646 | \u0631\u0627\u062f\u06cc\u0648\u062a\u0631\u0627\u067e\u06cc \u0627\u0646\u06a9\u0648\u0644\u0648\u0698\u06cc\",\"description\":\"\",\"publisher\":{\"@id\":\"https:\/\/baran-oncology.com\/#organization\"},\"potentialAction\":[{\"@type\":\"SearchAction\",\"target\":{\"@type\":\"EntryPoint\",\"urlTemplate\":\"https:\/\/baran-oncology.com\/?s={search_term_string}\"},\"query-input\":{\"@type\":\"PropertyValueSpecification\",\"valueRequired\":true,\"valueName\":\"search_term_string\"}}],\"inLanguage\":\"fa-IR\"},{\"@type\":\"Organization\",\"@id\":\"https:\/\/baran-oncology.com\/#organization\",\"name\":\"\u06a9\u0644\u06cc\u0646\u06cc\u06a9 \u0627\u0646\u06a9\u0648\u0644\u0648\u0698\u06cc \u0628\u0627\u0631\u0627\u0646 | \u0631\u0627\u062f\u06cc\u0648\u062a\u0631\u0627\u067e\u06cc \u0627\u0646\u06a9\u0648\u0644\u0648\u0698\u06cc\",\"url\":\"https:\/\/baran-oncology.com\/\",\"logo\":{\"@type\":\"ImageObject\",\"inLanguage\":\"fa-IR\",\"@id\":\"https:\/\/baran-oncology.com\/#\/schema\/logo\/image\/\",\"url\":\"https:\/\/baran-oncology.com\/wp-content\/uploads\/2020\/04\/dradili.png\",\"contentUrl\":\"https:\/\/baran-oncology.com\/wp-content\/uploads\/2020\/04\/dradili.png\",\"width\":240,\"height\":57,\"caption\":\"\u06a9\u0644\u06cc\u0646\u06cc\u06a9 \u0627\u0646\u06a9\u0648\u0644\u0648\u0698\u06cc \u0628\u0627\u0631\u0627\u0646 | \u0631\u0627\u062f\u06cc\u0648\u062a\u0631\u0627\u067e\u06cc \u0627\u0646\u06a9\u0648\u0644\u0648\u0698\u06cc\"},\"image\":{\"@id\":\"https:\/\/baran-oncology.com\/#\/schema\/logo\/image\/\"}}]}<\/script>\n<!-- \/ Yoast SEO Premium plugin. -->","yoast_head_json":{"title":"Bizim haqq\u0131m\u0131zda - \u06a9\u0644\u06cc\u0646\u06cc\u06a9 \u0627\u0646\u06a9\u0648\u0644\u0648\u0698\u06cc \u0628\u0627\u0631\u0627\u0646 | \u0631\u0627\u062f\u06cc\u0648\u062a\u0631\u0627\u067e\u06cc \u0627\u0646\u06a9\u0648\u0644\u0648\u0698\u06cc","robots":{"index":"index","follow":"follow","max-snippet":"max-snippet:-1","max-image-preview":"max-image-preview:large","max-video-preview":"max-video-preview:-1"},"canonical":"https:\/\/baran-oncology.com\/about\/","og_locale":"fa_IR","og_type":"article","og_title":"Bizim haqq\u0131m\u0131zda","og_description":"\u015e\u0259hid Behe\u015fti Tibb Elml\u0259ri Universitetini bitirib AB\u015e-\u0131n Stanford Universitetind\u0259n Radioc\u0259rrahiyy\u0259 \u00fczr\u0259 t\u00f6vsiy\u0259 olunan kurs Amerika Radioterapiya v\u0259 Onkologiya C\u0259miyy\u0259tinin \u00fczv\u00fc Avropa Neyro-Onkologiya C\u0259miyy\u0259tinin \u00fczv\u00fc D\u00f6\u015f, M\u0259d\u0259-ba\u011f\u0131rsaq, Ginekoloji X\u0259r\u00e7\u0259ngl\u0259r \u0130\u015fl\u0259diyi x\u0259st\u0259xana: Nur Nejat Biziml\u0259 \u0259laq\u0259 saxlay\u0131n","og_url":"https:\/\/baran-oncology.com\/about\/","og_site_name":"\u06a9\u0644\u06cc\u0646\u06cc\u06a9 \u0627\u0646\u06a9\u0648\u0644\u0648\u0698\u06cc \u0628\u0627\u0631\u0627\u0646 | \u0631\u0627\u062f\u06cc\u0648\u062a\u0631\u0627\u067e\u06cc \u0627\u0646\u06a9\u0648\u0644\u0648\u0698\u06cc","article_modified_time":"2025-12-03T17:39:14+00:00","og_image":[{"width":605,"height":684,"url":"https:\/\/baran-oncology.com\/wp-content\/uploads\/2025\/12\/ali-adili.jpg","type":"image\/jpeg"}],"twitter_card":"summary_large_image","twitter_misc":{"\u0632\u0645\u0627\u0646 \u062a\u0642\u0631\u06cc\u0628\u06cc \u0628\u0631\u0627\u06cc \u062e\u0648\u0627\u0646\u062f\u0646":"1 \u062f\u0642\u06cc\u0642\u0647"},"schema":{"@context":"https:\/\/schema.org","@graph":[{"@type":"WebPage","@id":"https:\/\/baran-oncology.com\/about\/","url":"https:\/\/baran-oncology.com\/about\/","name":"Bizim haqq\u0131m\u0131zda - \u06a9\u0644\u06cc\u0646\u06cc\u06a9 \u0627\u0646\u06a9\u0648\u0644\u0648\u0698\u06cc \u0628\u0627\u0631\u0627\u0646 | \u0631\u0627\u062f\u06cc\u0648\u062a\u0631\u0627\u067e\u06cc \u0627\u0646\u06a9\u0648\u0644\u0648\u0698\u06cc","isPartOf":{"@id":"https:\/\/baran-oncology.com\/#website"},"primaryImageOfPage":{"@id":"https:\/\/baran-oncology.com\/about\/#primaryimage"},"image":{"@id":"https:\/\/baran-oncology.com\/about\/#primaryimage"},"thumbnailUrl":"https:\/\/baran-oncology.com\/wp-content\/uploads\/2025\/12\/ali-adili-265x300.jpg","datePublished":"2019-09-02T04:37:31+00:00","dateModified":"2025-12-03T17:39:14+00:00","breadcrumb":{"@id":"https:\/\/baran-oncology.com\/about\/#breadcrumb"},"inLanguage":"fa-IR","potentialAction":[{"@type":"ReadAction","target":["https:\/\/baran-oncology.com\/about\/"]}]},{"@type":"ImageObject","inLanguage":"fa-IR","@id":"https:\/\/baran-oncology.com\/about\/#primaryimage","url":"https:\/\/baran-oncology.com\/wp-content\/uploads\/2025\/12\/ali-adili-265x300.jpg","contentUrl":"https:\/\/baran-oncology.com\/wp-content\/uploads\/2025\/12\/ali-adili-265x300.jpg"},{"@type":"BreadcrumbList","@id":"https:\/\/baran-oncology.com\/about\/#breadcrumb","itemListElement":[{"@type":"ListItem","position":1,"name":"Home","item":"https:\/\/baran-oncology.com\/en\/"},{"@type":"ListItem","position":2,"name":"Bizim haqq\u0131m\u0131zda"}]},{"@type":"WebSite","@id":"https:\/\/baran-oncology.com\/#website","url":"https:\/\/baran-oncology.com\/","name":"\u06a9\u0644\u06cc\u0646\u06cc\u06a9 \u0627\u0646\u06a9\u0648\u0644\u0648\u0698\u06cc \u0628\u0627\u0631\u0627\u0646 | \u0631\u0627\u062f\u06cc\u0648\u062a\u0631\u0627\u067e\u06cc \u0627\u0646\u06a9\u0648\u0644\u0648\u0698\u06cc","description":"","publisher":{"@id":"https:\/\/baran-oncology.com\/#organization"},"potentialAction":[{"@type":"SearchAction","target":{"@type":"EntryPoint","urlTemplate":"https:\/\/baran-oncology.com\/?s={search_term_string}"},"query-input":{"@type":"PropertyValueSpecification","valueRequired":true,"valueName":"search_term_string"}}],"inLanguage":"fa-IR"},{"@type":"Organization","@id":"https:\/\/baran-oncology.com\/#organization","name":"\u06a9\u0644\u06cc\u0646\u06cc\u06a9 \u0627\u0646\u06a9\u0648\u0644\u0648\u0698\u06cc \u0628\u0627\u0631\u0627\u0646 | \u0631\u0627\u062f\u06cc\u0648\u062a\u0631\u0627\u067e\u06cc \u0627\u0646\u06a9\u0648\u0644\u0648\u0698\u06cc","url":"https:\/\/baran-oncology.com\/","logo":{"@type":"ImageObject","inLanguage":"fa-IR","@id":"https:\/\/baran-oncology.com\/#\/schema\/logo\/image\/","url":"https:\/\/baran-oncology.com\/wp-content\/uploads\/2020\/04\/dradili.png","contentUrl":"https:\/\/baran-oncology.com\/wp-content\/uploads\/2020\/04\/dradili.png","width":240,"height":57,"caption":"\u06a9\u0644\u06cc\u0646\u06cc\u06a9 \u0627\u0646\u06a9\u0648\u0644\u0648\u0698\u06cc \u0628\u0627\u0631\u0627\u0646 | \u0631\u0627\u062f\u06cc\u0648\u062a\u0631\u0627\u067e\u06cc \u0627\u0646\u06a9\u0648\u0644\u0648\u0698\u06cc"},"image":{"@id":"https:\/\/baran-oncology.com\/#\/schema\/logo\/image\/"}}]}},"_links":{"self":[{"href":"https:\/\/baran-oncology.com\/az\/wp-json\/wp\/v2\/pages\/6904","targetHints":{"allow":["GET"]}}],"collection":[{"href":"https:\/\/baran-oncology.com\/az\/wp-json\/wp\/v2\/pages"}],"about":[{"href":"https:\/\/baran-oncology.com\/az\/wp-json\/wp\/v2\/types\/page"}],"author":[{"embeddable":true,"href":"https:\/\/baran-oncology.com\/az\/wp-json\/wp\/v2\/users\/1"}],"replies":[{"embeddable":true,"href":"https:\/\/baran-oncology.com\/az\/wp-json\/wp\/v2\/comments?post=6904"}],"version-history":[{"count":4,"href":"https:\/\/baran-oncology.com\/az\/wp-json\/wp\/v2\/pages\/6904\/revisions"}],"predecessor-version":[{"id":6908,"href":"https:\/\/baran-oncology.com\/az\/wp-json\/wp\/v2\/pages\/6904\/revisions\/6908"}],"wp:attachment":[{"href":"https:\/\/baran-oncology.com\/az\/wp-json\/wp\/v2\/media?parent=6904"}],"curies":[{"name":"wp","href":"https:\/\/api.w.org\/{rel}","templated":true}]}}