{"id":6930,"date":"2025-12-03T10:11:19","date_gmt":"2025-12-03T06:41:19","guid":{"rendered":"https:\/\/baran-oncology.com\/?page_id=6930"},"modified":"2025-12-04T00:21:42","modified_gmt":"2025-12-03T20:51:42","slug":"t%c9%99hsil-kitabini-yukl%c9%99yin","status":"publish","type":"page","link":"https:\/\/baran-oncology.com\/az\/t%c9%99hsil-kitabini-yukl%c9%99yin\/","title":{"rendered":"T\u0259hsil kitab\u0131n\u0131 y\u00fckl\u0259yin"},"content":{"rendered":"\t\t<div data-elementor-type=\"wp-page\" data-elementor-id=\"6930\" class=\"elementor elementor-6930\">\n\t\t\t\t<div class=\"elementor-element elementor-element-64069226 e-flex e-con-boxed e-con e-parent\" data-id=\"64069226\" data-element_type=\"container\">\n\t\t\t\t\t<div class=\"e-con-inner\">\n\t\t\t\t<div class=\"elementor-element elementor-element-2a0e3b1c elementor-widget elementor-widget-text-editor\" data-id=\"2a0e3b1c\" data-element_type=\"widget\" data-widget_type=\"text-editor.default\">\n\t\t\t\t\t\t\t\t\t<p style=\"text-align: center;\"><strong>\u00a0 \u00a0 \u00a0 \u00a0 \u00a0 \u00a0 <img decoding=\"async\" class=\"wp-image-6826 alignnone\" src=\"https:\/\/baran-oncology.com\/wp-content\/uploads\/2025\/12\/illustration-of-book-icon-free-vector-300x264.png\" alt=\"\u062f\u0627\u0646\u0644\u0648\u062f \u06a9\u062a\u0627\u0628 \u06a9\u0644\u06cc\u0646\u06cc\u06a9 \u0628\u0627\u0631\u0627\u0646\" width=\"38\" height=\"33\" srcset=\"https:\/\/baran-oncology.com\/wp-content\/uploads\/2025\/12\/illustration-of-book-icon-free-vector-300x264.png 300w, https:\/\/baran-oncology.com\/wp-content\/uploads\/2025\/12\/illustration-of-book-icon-free-vector.png 396w\" sizes=\"(max-width: 38px) 100vw, 38px\" \/><a href=\"https:\/\/baran-oncology.com\/wp-content\/uploads\/2025\/12\/Immunology.pdf\"><span class=\"HwtZe\" lang=\"az\"><span class=\"jCAhz ChMk0b\"><span class=\"ryNqvb\">\u0130mmunoterapiya: Yeni n\u0259sil x\u0259r\u00e7\u0259ng m\u00fcalic\u0259si<\/span><\/span><\/span><\/a><\/strong><\/p><p style=\"text-align: center;\"><img decoding=\"async\" class=\"alignnone wp-image-6826\" src=\"https:\/\/baran-oncology.com\/wp-content\/uploads\/2025\/12\/illustration-of-book-icon-free-vector-300x264.png\" alt=\"\u062f\u0627\u0646\u0644\u0648\u062f \u06a9\u062a\u0627\u0628 \u06a9\u0644\u06cc\u0646\u06cc\u06a9 \u0628\u0627\u0631\u0627\u0646\" width=\"38\" height=\"33\" srcset=\"https:\/\/baran-oncology.com\/wp-content\/uploads\/2025\/12\/illustration-of-book-icon-free-vector-300x264.png 300w, https:\/\/baran-oncology.com\/wp-content\/uploads\/2025\/12\/illustration-of-book-icon-free-vector.png 396w\" sizes=\"(max-width: 38px) 100vw, 38px\" \/><strong><a href=\"https:\/\/baran-oncology.com\/wp-content\/uploads\/2025\/12\/Healthy_Nutrition.pdf\"><span class=\"HwtZe\" lang=\"az\"><span class=\"jCAhz ChMk0b\"><span class=\"ryNqvb\">Onkologiya x\u0259st\u0259l\u0259rind\u0259 sa\u011flam qidalanma<\/span><\/span><\/span><\/a><\/strong><\/p><p style=\"text-align: center;\"><img decoding=\"async\" class=\"alignnone wp-image-6826\" src=\"https:\/\/baran-oncology.com\/wp-content\/uploads\/2025\/12\/illustration-of-book-icon-free-vector-300x264.png\" alt=\"\u062f\u0627\u0646\u0644\u0648\u062f \u06a9\u062a\u0627\u0628 \u06a9\u0644\u06cc\u0646\u06cc\u06a9 \u0628\u0627\u0631\u0627\u0646\" width=\"37\" height=\"33\" srcset=\"https:\/\/baran-oncology.com\/wp-content\/uploads\/2025\/12\/illustration-of-book-icon-free-vector-300x264.png 300w, https:\/\/baran-oncology.com\/wp-content\/uploads\/2025\/12\/illustration-of-book-icon-free-vector.png 396w\" sizes=\"(max-width: 37px) 100vw, 37px\" \/><a href=\"http:\/\/dradili.ir\/nutrition.pdf\"><strong><span class=\"HwtZe\" lang=\"az\"><span class=\"jCAhz ChMk0b\"><span class=\"ryNqvb\">X\u0259r\u00e7\u0259ng \u00fc\u00e7\u00fcn qidalanma t\u0259limat\u0131<\/span><\/span><\/span><\/strong><\/a><\/p>\t\t\t\t\t\t\t\t<\/div>\n\t\t\t\t\t<\/div>\n\t\t\t\t<\/div>\n\t\t\t\t<\/div>\n\t\t","protected":false},"excerpt":{"rendered":"<p>\u00a0 \u00a0 \u00a0 \u00a0 \u00a0 \u00a0 \u0130mmunoterapiya: Yeni n\u0259sil x\u0259r\u00e7\u0259ng m\u00fcalic\u0259si Onkologiya x\u0259st\u0259l\u0259rind\u0259 sa\u011flam qidalanma X\u0259r\u00e7\u0259ng \u00fc\u00e7\u00fcn qidalanma t\u0259limat\u0131<\/p>\n","protected":false},"author":1,"featured_media":0,"parent":0,"menu_order":0,"comment_status":"closed","ping_status":"closed","template":"","meta":{"footnotes":""},"class_list":["post-6930","page","type-page","status-publish","hentry"],"yoast_head":"<!-- This site is optimized with the Yoast SEO Premium plugin v26.2 (Yoast SEO v26.6) - https:\/\/yoast.com\/wordpress\/plugins\/seo\/ -->\n<title>T\u0259hsil kitab\u0131n\u0131 y\u00fckl\u0259yin - \u06a9\u0644\u06cc\u0646\u06cc\u06a9 \u0627\u0646\u06a9\u0648\u0644\u0648\u0698\u06cc \u0628\u0627\u0631\u0627\u0646 | \u0631\u0627\u062f\u06cc\u0648\u062a\u0631\u0627\u067e\u06cc \u0627\u0646\u06a9\u0648\u0644\u0648\u0698\u06cc<\/title>\n<meta name=\"robots\" content=\"index, follow, max-snippet:-1, max-image-preview:large, max-video-preview:-1\" \/>\n<link rel=\"canonical\" href=\"https:\/\/baran-oncology.com\/en\/download-educational-book\/\" \/>\n<meta property=\"og:locale\" content=\"fa_IR\" \/>\n<meta property=\"og:type\" content=\"article\" \/>\n<meta property=\"og:title\" content=\"T\u0259hsil kitab\u0131n\u0131 y\u00fckl\u0259yin\" \/>\n<meta property=\"og:description\" content=\"\u00a0 \u00a0 \u00a0 \u00a0 \u00a0 \u00a0 \u0130mmunoterapiya: Yeni n\u0259sil x\u0259r\u00e7\u0259ng m\u00fcalic\u0259si Onkologiya x\u0259st\u0259l\u0259rind\u0259 sa\u011flam qidalanma X\u0259r\u00e7\u0259ng \u00fc\u00e7\u00fcn qidalanma t\u0259limat\u0131\" \/>\n<meta property=\"og:url\" content=\"https:\/\/baran-oncology.com\/en\/download-educational-book\/\" \/>\n<meta property=\"og:site_name\" content=\"\u06a9\u0644\u06cc\u0646\u06cc\u06a9 \u0627\u0646\u06a9\u0648\u0644\u0648\u0698\u06cc \u0628\u0627\u0631\u0627\u0646 | \u0631\u0627\u062f\u06cc\u0648\u062a\u0631\u0627\u067e\u06cc \u0627\u0646\u06a9\u0648\u0644\u0648\u0698\u06cc\" \/>\n<meta property=\"article:modified_time\" content=\"2025-12-03T20:51:42+00:00\" \/>\n<meta property=\"og:image\" content=\"https:\/\/baran-oncology.com\/wp-content\/uploads\/2025\/12\/illustration-of-book-icon-free-vector.png\" \/>\n\t<meta property=\"og:image:width\" content=\"396\" \/>\n\t<meta property=\"og:image:height\" content=\"349\" \/>\n\t<meta property=\"og:image:type\" content=\"image\/png\" \/>\n<meta name=\"twitter:card\" content=\"summary_large_image\" \/>\n<meta name=\"twitter:label1\" content=\"\u0632\u0645\u0627\u0646 \u062a\u0642\u0631\u06cc\u0628\u06cc \u0628\u0631\u0627\u06cc \u062e\u0648\u0627\u0646\u062f\u0646\" \/>\n\t<meta name=\"twitter:data1\" content=\"1 \u062f\u0642\u06cc\u0642\u0647\" \/>\n<script type=\"application\/ld+json\" class=\"yoast-schema-graph\">{\"@context\":\"https:\/\/schema.org\",\"@graph\":[{\"@type\":\"WebPage\",\"@id\":\"https:\/\/baran-oncology.com\/en\/download-educational-book\/\",\"url\":\"https:\/\/baran-oncology.com\/en\/download-educational-book\/\",\"name\":\"T\u0259hsil kitab\u0131n\u0131 y\u00fckl\u0259yin - \u06a9\u0644\u06cc\u0646\u06cc\u06a9 \u0627\u0646\u06a9\u0648\u0644\u0648\u0698\u06cc \u0628\u0627\u0631\u0627\u0646 | \u0631\u0627\u062f\u06cc\u0648\u062a\u0631\u0627\u067e\u06cc \u0627\u0646\u06a9\u0648\u0644\u0648\u0698\u06cc\",\"isPartOf\":{\"@id\":\"https:\/\/baran-oncology.com\/#website\"},\"primaryImageOfPage\":{\"@id\":\"https:\/\/baran-oncology.com\/en\/download-educational-book\/#primaryimage\"},\"image\":{\"@id\":\"https:\/\/baran-oncology.com\/en\/download-educational-book\/#primaryimage\"},\"thumbnailUrl\":\"https:\/\/baran-oncology.com\/wp-content\/uploads\/2025\/12\/illustration-of-book-icon-free-vector-300x264.png\",\"datePublished\":\"2025-12-03T06:41:19+00:00\",\"dateModified\":\"2025-12-03T20:51:42+00:00\",\"breadcrumb\":{\"@id\":\"https:\/\/baran-oncology.com\/en\/download-educational-book\/#breadcrumb\"},\"inLanguage\":\"fa-IR\",\"potentialAction\":[{\"@type\":\"ReadAction\",\"target\":[\"https:\/\/baran-oncology.com\/en\/download-educational-book\/\"]}]},{\"@type\":\"ImageObject\",\"inLanguage\":\"fa-IR\",\"@id\":\"https:\/\/baran-oncology.com\/en\/download-educational-book\/#primaryimage\",\"url\":\"https:\/\/baran-oncology.com\/wp-content\/uploads\/2025\/12\/illustration-of-book-icon-free-vector-300x264.png\",\"contentUrl\":\"https:\/\/baran-oncology.com\/wp-content\/uploads\/2025\/12\/illustration-of-book-icon-free-vector-300x264.png\"},{\"@type\":\"BreadcrumbList\",\"@id\":\"https:\/\/baran-oncology.com\/en\/download-educational-book\/#breadcrumb\",\"itemListElement\":[{\"@type\":\"ListItem\",\"position\":1,\"name\":\"Home\",\"item\":\"https:\/\/baran-oncology.com\/en\/\"},{\"@type\":\"ListItem\",\"position\":2,\"name\":\"T\u0259hsil kitab\u0131n\u0131 y\u00fckl\u0259yin\"}]},{\"@type\":\"WebSite\",\"@id\":\"https:\/\/baran-oncology.com\/#website\",\"url\":\"https:\/\/baran-oncology.com\/\",\"name\":\"\u06a9\u0644\u06cc\u0646\u06cc\u06a9 \u0627\u0646\u06a9\u0648\u0644\u0648\u0698\u06cc \u0628\u0627\u0631\u0627\u0646 | \u0631\u0627\u062f\u06cc\u0648\u062a\u0631\u0627\u067e\u06cc \u0627\u0646\u06a9\u0648\u0644\u0648\u0698\u06cc\",\"description\":\"\",\"publisher\":{\"@id\":\"https:\/\/baran-oncology.com\/#organization\"},\"potentialAction\":[{\"@type\":\"SearchAction\",\"target\":{\"@type\":\"EntryPoint\",\"urlTemplate\":\"https:\/\/baran-oncology.com\/?s={search_term_string}\"},\"query-input\":{\"@type\":\"PropertyValueSpecification\",\"valueRequired\":true,\"valueName\":\"search_term_string\"}}],\"inLanguage\":\"fa-IR\"},{\"@type\":\"Organization\",\"@id\":\"https:\/\/baran-oncology.com\/#organization\",\"name\":\"\u06a9\u0644\u06cc\u0646\u06cc\u06a9 \u0627\u0646\u06a9\u0648\u0644\u0648\u0698\u06cc \u0628\u0627\u0631\u0627\u0646 | \u0631\u0627\u062f\u06cc\u0648\u062a\u0631\u0627\u067e\u06cc \u0627\u0646\u06a9\u0648\u0644\u0648\u0698\u06cc\",\"url\":\"https:\/\/baran-oncology.com\/\",\"logo\":{\"@type\":\"ImageObject\",\"inLanguage\":\"fa-IR\",\"@id\":\"https:\/\/baran-oncology.com\/#\/schema\/logo\/image\/\",\"url\":\"https:\/\/baran-oncology.com\/wp-content\/uploads\/2020\/04\/dradili.png\",\"contentUrl\":\"https:\/\/baran-oncology.com\/wp-content\/uploads\/2020\/04\/dradili.png\",\"width\":240,\"height\":57,\"caption\":\"\u06a9\u0644\u06cc\u0646\u06cc\u06a9 \u0627\u0646\u06a9\u0648\u0644\u0648\u0698\u06cc \u0628\u0627\u0631\u0627\u0646 | \u0631\u0627\u062f\u06cc\u0648\u062a\u0631\u0627\u067e\u06cc \u0627\u0646\u06a9\u0648\u0644\u0648\u0698\u06cc\"},\"image\":{\"@id\":\"https:\/\/baran-oncology.com\/#\/schema\/logo\/image\/\"}}]}<\/script>\n<!-- \/ Yoast SEO Premium plugin. -->","yoast_head_json":{"title":"T\u0259hsil kitab\u0131n\u0131 y\u00fckl\u0259yin - \u06a9\u0644\u06cc\u0646\u06cc\u06a9 \u0627\u0646\u06a9\u0648\u0644\u0648\u0698\u06cc \u0628\u0627\u0631\u0627\u0646 | \u0631\u0627\u062f\u06cc\u0648\u062a\u0631\u0627\u067e\u06cc \u0627\u0646\u06a9\u0648\u0644\u0648\u0698\u06cc","robots":{"index":"index","follow":"follow","max-snippet":"max-snippet:-1","max-image-preview":"max-image-preview:large","max-video-preview":"max-video-preview:-1"},"canonical":"https:\/\/baran-oncology.com\/en\/download-educational-book\/","og_locale":"fa_IR","og_type":"article","og_title":"T\u0259hsil kitab\u0131n\u0131 y\u00fckl\u0259yin","og_description":"\u00a0 \u00a0 \u00a0 \u00a0 \u00a0 \u00a0 \u0130mmunoterapiya: Yeni n\u0259sil x\u0259r\u00e7\u0259ng m\u00fcalic\u0259si Onkologiya x\u0259st\u0259l\u0259rind\u0259 sa\u011flam qidalanma X\u0259r\u00e7\u0259ng \u00fc\u00e7\u00fcn qidalanma t\u0259limat\u0131","og_url":"https:\/\/baran-oncology.com\/en\/download-educational-book\/","og_site_name":"\u06a9\u0644\u06cc\u0646\u06cc\u06a9 \u0627\u0646\u06a9\u0648\u0644\u0648\u0698\u06cc \u0628\u0627\u0631\u0627\u0646 | \u0631\u0627\u062f\u06cc\u0648\u062a\u0631\u0627\u067e\u06cc \u0627\u0646\u06a9\u0648\u0644\u0648\u0698\u06cc","article_modified_time":"2025-12-03T20:51:42+00:00","og_image":[{"width":396,"height":349,"url":"https:\/\/baran-oncology.com\/wp-content\/uploads\/2025\/12\/illustration-of-book-icon-free-vector.png","type":"image\/png"}],"twitter_card":"summary_large_image","twitter_misc":{"\u0632\u0645\u0627\u0646 \u062a\u0642\u0631\u06cc\u0628\u06cc \u0628\u0631\u0627\u06cc \u062e\u0648\u0627\u0646\u062f\u0646":"1 \u062f\u0642\u06cc\u0642\u0647"},"schema":{"@context":"https:\/\/schema.org","@graph":[{"@type":"WebPage","@id":"https:\/\/baran-oncology.com\/en\/download-educational-book\/","url":"https:\/\/baran-oncology.com\/en\/download-educational-book\/","name":"T\u0259hsil kitab\u0131n\u0131 y\u00fckl\u0259yin - \u06a9\u0644\u06cc\u0646\u06cc\u06a9 \u0627\u0646\u06a9\u0648\u0644\u0648\u0698\u06cc \u0628\u0627\u0631\u0627\u0646 | \u0631\u0627\u062f\u06cc\u0648\u062a\u0631\u0627\u067e\u06cc \u0627\u0646\u06a9\u0648\u0644\u0648\u0698\u06cc","isPartOf":{"@id":"https:\/\/baran-oncology.com\/#website"},"primaryImageOfPage":{"@id":"https:\/\/baran-oncology.com\/en\/download-educational-book\/#primaryimage"},"image":{"@id":"https:\/\/baran-oncology.com\/en\/download-educational-book\/#primaryimage"},"thumbnailUrl":"https:\/\/baran-oncology.com\/wp-content\/uploads\/2025\/12\/illustration-of-book-icon-free-vector-300x264.png","datePublished":"2025-12-03T06:41:19+00:00","dateModified":"2025-12-03T20:51:42+00:00","breadcrumb":{"@id":"https:\/\/baran-oncology.com\/en\/download-educational-book\/#breadcrumb"},"inLanguage":"fa-IR","potentialAction":[{"@type":"ReadAction","target":["https:\/\/baran-oncology.com\/en\/download-educational-book\/"]}]},{"@type":"ImageObject","inLanguage":"fa-IR","@id":"https:\/\/baran-oncology.com\/en\/download-educational-book\/#primaryimage","url":"https:\/\/baran-oncology.com\/wp-content\/uploads\/2025\/12\/illustration-of-book-icon-free-vector-300x264.png","contentUrl":"https:\/\/baran-oncology.com\/wp-content\/uploads\/2025\/12\/illustration-of-book-icon-free-vector-300x264.png"},{"@type":"BreadcrumbList","@id":"https:\/\/baran-oncology.com\/en\/download-educational-book\/#breadcrumb","itemListElement":[{"@type":"ListItem","position":1,"name":"Home","item":"https:\/\/baran-oncology.com\/en\/"},{"@type":"ListItem","position":2,"name":"T\u0259hsil kitab\u0131n\u0131 y\u00fckl\u0259yin"}]},{"@type":"WebSite","@id":"https:\/\/baran-oncology.com\/#website","url":"https:\/\/baran-oncology.com\/","name":"\u06a9\u0644\u06cc\u0646\u06cc\u06a9 \u0627\u0646\u06a9\u0648\u0644\u0648\u0698\u06cc \u0628\u0627\u0631\u0627\u0646 | \u0631\u0627\u062f\u06cc\u0648\u062a\u0631\u0627\u067e\u06cc \u0627\u0646\u06a9\u0648\u0644\u0648\u0698\u06cc","description":"","publisher":{"@id":"https:\/\/baran-oncology.com\/#organization"},"potentialAction":[{"@type":"SearchAction","target":{"@type":"EntryPoint","urlTemplate":"https:\/\/baran-oncology.com\/?s={search_term_string}"},"query-input":{"@type":"PropertyValueSpecification","valueRequired":true,"valueName":"search_term_string"}}],"inLanguage":"fa-IR"},{"@type":"Organization","@id":"https:\/\/baran-oncology.com\/#organization","name":"\u06a9\u0644\u06cc\u0646\u06cc\u06a9 \u0627\u0646\u06a9\u0648\u0644\u0648\u0698\u06cc \u0628\u0627\u0631\u0627\u0646 | \u0631\u0627\u062f\u06cc\u0648\u062a\u0631\u0627\u067e\u06cc \u0627\u0646\u06a9\u0648\u0644\u0648\u0698\u06cc","url":"https:\/\/baran-oncology.com\/","logo":{"@type":"ImageObject","inLanguage":"fa-IR","@id":"https:\/\/baran-oncology.com\/#\/schema\/logo\/image\/","url":"https:\/\/baran-oncology.com\/wp-content\/uploads\/2020\/04\/dradili.png","contentUrl":"https:\/\/baran-oncology.com\/wp-content\/uploads\/2020\/04\/dradili.png","width":240,"height":57,"caption":"\u06a9\u0644\u06cc\u0646\u06cc\u06a9 \u0627\u0646\u06a9\u0648\u0644\u0648\u0698\u06cc \u0628\u0627\u0631\u0627\u0646 | \u0631\u0627\u062f\u06cc\u0648\u062a\u0631\u0627\u067e\u06cc \u0627\u0646\u06a9\u0648\u0644\u0648\u0698\u06cc"},"image":{"@id":"https:\/\/baran-oncology.com\/#\/schema\/logo\/image\/"}}]}},"_links":{"self":[{"href":"https:\/\/baran-oncology.com\/az\/wp-json\/wp\/v2\/pages\/6930","targetHints":{"allow":["GET"]}}],"collection":[{"href":"https:\/\/baran-oncology.com\/az\/wp-json\/wp\/v2\/pages"}],"about":[{"href":"https:\/\/baran-oncology.com\/az\/wp-json\/wp\/v2\/types\/page"}],"author":[{"embeddable":true,"href":"https:\/\/baran-oncology.com\/az\/wp-json\/wp\/v2\/users\/1"}],"replies":[{"embeddable":true,"href":"https:\/\/baran-oncology.com\/az\/wp-json\/wp\/v2\/comments?post=6930"}],"version-history":[{"count":4,"href":"https:\/\/baran-oncology.com\/az\/wp-json\/wp\/v2\/pages\/6930\/revisions"}],"predecessor-version":[{"id":6971,"href":"https:\/\/baran-oncology.com\/az\/wp-json\/wp\/v2\/pages\/6930\/revisions\/6971"}],"wp:attachment":[{"href":"https:\/\/baran-oncology.com\/az\/wp-json\/wp\/v2\/media?parent=6930"}],"curies":[{"name":"wp","href":"https:\/\/api.w.org\/{rel}","templated":true}]}}